{"id":144,"date":"2020-11-18T14:41:13","date_gmt":"2020-11-18T13:41:13","guid":{"rendered":"http:\/\/julietual.fr\/?page_id=144"},"modified":"2020-11-26T10:58:56","modified_gmt":"2020-11-26T09:58:56","slug":"ecrire","status":"publish","type":"page","link":"https:\/\/julietual.fr\/?page_id=144","title":{"rendered":"\u00c9crire"},"content":{"rendered":"\n<h3 class=\"has-text-align-center\">\u00c9crire<\/h3>\n\n\n\n<p class=\"has-text-align-center has-small-font-size\">Papeterie<\/p>\n\n\n<div  class=\"wp-block-ultimate-post-post-grid-1 ultp-block-aa0497 alignwide\"><div class=\"ultp-block-wrapper\"><div class=\"ultp-loading\"><div class=\"ultp-loading-blocks\" style=\"width:100%;height:100%;\"><div style=\"left: 0;top: 0;animation-delay:0s;\"><\/div><div style=\"left: 21px;top: 0;animation-delay:0.125s;\"><\/div><div style=\"left: 42px;top: 0;animation-delay:0.25s;\"><\/div><div style=\"left: 0;top: 21px;animation-delay:0.875s;\"><\/div><div style=\"left: 42px;top: 21px;animation-delay:0.375s;\"><\/div><div style=\"left: 0;top: 42px;animation-delay:0.75s;\"><\/div><div style=\"left: 42px;top: 42px;animation-delay:0.625s;\"><\/div><div style=\"left: 21px;top: 42px;animation-delay:0.5s;\"><\/div><\/div><\/div><div class=\"ultp-block-items-wrap ultp-block-row ultp-block-column-2 ultp-layout1\"><div class=\"ultp-block-item post-id-549\"><div class=\"ultp-block-content-wrap\"><div class=\"ultp-block-image ultp-block-image-opacity\"><a href=\"https:\/\/julietual.fr\/?p=549\" ><img loading=\"lazy\"  alt=\"Les Fleurs\"  src=\"https:\/\/julietual.fr\/wp-content\/uploads\/2020\/11\/fleurs-8-870x570.jpg\" \/><\/a><\/div><div class=\"ultp-block-content\"><h3 class=\"ultp-block-title\"><a href=\"https:\/\/julietual.fr\/?p=549\" >Les Fleurs<\/a><\/h3><\/div><\/div><\/div><div class=\"ultp-block-item post-id-539\"><div class=\"ultp-block-content-wrap\"><div class=\"ultp-block-image ultp-block-image-opacity\"><a href=\"https:\/\/julietual.fr\/?p=539\" ><img loading=\"lazy\"  alt=\"Les Estivales\"  src=\"https:\/\/julietual.fr\/wp-content\/uploads\/2020\/11\/estivales-9-870x570.jpg\" \/><\/a><\/div><div class=\"ultp-block-content\"><h3 class=\"ultp-block-title\"><a href=\"https:\/\/julietual.fr\/?p=539\" >Les Estivales<\/a><\/h3><\/div><\/div><\/div><div class=\"ultp-block-item post-id-520\"><div class=\"ultp-block-content-wrap\"><div class=\"ultp-block-image ultp-block-image-opacity\"><a href=\"https:\/\/julietual.fr\/?p=520\" ><img loading=\"lazy\"  alt=\"C\u0153ur de lin\"  src=\"https:\/\/julietual.fr\/wp-content\/uploads\/2020\/11\/coeurdelin-2-870x570.jpg\" \/><\/a><\/div><div class=\"ultp-block-content\"><h3 class=\"ultp-block-title\"><a href=\"https:\/\/julietual.fr\/?p=520\" >C\u0153ur de lin<\/a><\/h3><\/div><\/div><\/div><div class=\"ultp-block-item post-id-515\"><div class=\"ultp-block-content-wrap\"><div class=\"ultp-block-image ultp-block-image-opacity\"><a href=\"https:\/\/julietual.fr\/?p=515\" ><img loading=\"lazy\"  alt=\"Les Coquelicots\"  src=\"https:\/\/julietual.fr\/wp-content\/uploads\/2020\/11\/51508675-A24C-40E3-8B55-6CFC70BC23F2-870x570.jpg\" \/><\/a><\/div><div class=\"ultp-block-content\"><h3 class=\"ultp-block-title\"><a href=\"https:\/\/julietual.fr\/?p=515\" >Les Coquelicots<\/a><\/h3><\/div><\/div><\/div><div class=\"ultp-block-item post-id-486\"><div class=\"ultp-block-content-wrap\"><div class=\"ultp-block-image ultp-block-image-opacity\"><a href=\"https:\/\/julietual.fr\/?p=486\" ><img loading=\"lazy\"  alt=\"Les Lotus\"  src=\"https:\/\/julietual.fr\/wp-content\/uploads\/2020\/11\/IMG_6271-870x570.jpg\" \/><\/a><\/div><div class=\"ultp-block-content\"><h3 class=\"ultp-block-title\"><a href=\"https:\/\/julietual.fr\/?p=486\" >Les Lotus<\/a><\/h3><\/div><\/div><\/div><div class=\"ultp-block-item post-id-462\"><div class=\"ultp-block-content-wrap\"><div class=\"ultp-block-image ultp-block-image-opacity\"><a href=\"https:\/\/julietual.fr\/?p=462\" ><img loading=\"lazy\"  alt=\"Les Orientales\"  src=\"https:\/\/julietual.fr\/wp-content\/uploads\/2020\/11\/IMG_5520-870x570.jpg\" \/><\/a><\/div><div class=\"ultp-block-content\"><h3 class=\"ultp-block-title\"><a href=\"https:\/\/julietual.fr\/?p=462\" >Les Orientales<\/a><\/h3><\/div><\/div><\/div><div class=\"ultp-block-item post-id-40\"><div class=\"ultp-block-content-wrap\"><div class=\"ultp-block-image ultp-block-image-opacity\"><a href=\"https:\/\/julietual.fr\/?p=40\" ><img loading=\"lazy\"  alt=\"Cartes de v\u0153ux &#038; de No\u00ebl\"  src=\"https:\/\/julietual.fr\/wp-content\/uploads\/2020\/10\/BroderieSurCarte-e1606084232871-870x570.jpeg\" \/><\/a><\/div><div class=\"ultp-block-content\"><h3 class=\"ultp-block-title\"><a href=\"https:\/\/julietual.fr\/?p=40\" >Cartes de v\u0153ux &#038; de No\u00ebl<\/a><\/h3><\/div><\/div><\/div><\/div><\/div><\/div>\n\n\n<p><\/p>\n","protected":false},"excerpt":{"rendered":"<p>\u00c9crire Papeterie<\/p>\n","protected":false},"author":1,"featured_media":81,"parent":0,"menu_order":4,"comment_status":"closed","ping_status":"closed","template":"","meta":{"advgb_blocks_editor_width":"","advgb_blocks_columns_visual_guide":"","_coblocks_attr":"","_coblocks_dimensions":"","_coblocks_responsive_height":"","_coblocks_accordion_ie_support":"","ub_ctt_via":"","kt_blocks_editor_width":""},"featured_image_urls":{"full":["https:\/\/julietual.fr\/wp-content\/uploads\/2020\/10\/cat3-ecrire.jpg",1920,1080,false],"thumbnail":["https:\/\/julietual.fr\/wp-content\/uploads\/2020\/10\/cat3-ecrire-150x150.jpg",150,150,true],"medium":["https:\/\/julietual.fr\/wp-content\/uploads\/2020\/10\/cat3-ecrire-300x169.jpg",300,169,true],"medium_large":["https:\/\/julietual.fr\/wp-content\/uploads\/2020\/10\/cat3-ecrire-768x432.jpg",768,432,true],"large":["https:\/\/julietual.fr\/wp-content\/uploads\/2020\/10\/cat3-ecrire-1024x576.jpg",990,557,true],"1536x1536":["https:\/\/julietual.fr\/wp-content\/uploads\/2020\/10\/cat3-ecrire-1536x864.jpg",1536,864,true],"2048x2048":["https:\/\/julietual.fr\/wp-content\/uploads\/2020\/10\/cat3-ecrire.jpg",1920,1080,false],"ab-block-post-grid-landscape":["https:\/\/julietual.fr\/wp-content\/uploads\/2020\/10\/cat3-ecrire-600x400.jpg",600,400,true],"ab-block-post-grid-square":["https:\/\/julietual.fr\/wp-content\/uploads\/2020\/10\/cat3-ecrire-600x600.jpg",600,600,true],"ect-jetpack-portfolio-featured":["https:\/\/julietual.fr\/wp-content\/uploads\/2020\/10\/cat3-ecrire.jpg",640,360,false],"ect-featured-content":["https:\/\/julietual.fr\/wp-content\/uploads\/2020\/10\/cat3-ecrire.jpg",640,360,false],"ect-service":["https:\/\/julietual.fr\/wp-content\/uploads\/2020\/10\/cat3-ecrire.jpg",640,360,false],"ultp_layout_landscape_large":["https:\/\/julietual.fr\/wp-content\/uploads\/2020\/10\/cat3-ecrire-1200x800.jpg",1200,800,true],"ultp_layout_landscape":["https:\/\/julietual.fr\/wp-content\/uploads\/2020\/10\/cat3-ecrire-870x570.jpg",870,570,true],"ultp_layout_portrait":["https:\/\/julietual.fr\/wp-content\/uploads\/2020\/10\/cat3-ecrire-600x900.jpg",600,900,true],"ultp_layout_square":["https:\/\/julietual.fr\/wp-content\/uploads\/2020\/10\/cat3-ecrire-600x600.jpg",600,600,true],"post-thumbnail":["https:\/\/julietual.fr\/wp-content\/uploads\/2020\/10\/cat3-ecrire-640x640.jpg",640,640,true],"my-music-band-archive-top":["https:\/\/julietual.fr\/wp-content\/uploads\/2020\/10\/cat3-ecrire-990x556.jpg",990,556,true],"my-music-band-hero":["https:\/\/julietual.fr\/wp-content\/uploads\/2020\/10\/cat3-ecrire-960x720.jpg",960,720,true],"my-music-band-featured":["https:\/\/julietual.fr\/wp-content\/uploads\/2020\/10\/cat3-ecrire-640x480.jpg",640,480,true],"my-music-band-slider":["https:\/\/julietual.fr\/wp-content\/uploads\/2020\/10\/cat3-ecrire-1920x1080.jpg",1920,1080,true],"my-music-band-testimonial":["https:\/\/julietual.fr\/wp-content\/uploads\/2020\/10\/cat3-ecrire-180x180.jpg",180,180,true],"jetpack-portfolio-admin-thumb":["https:\/\/julietual.fr\/wp-content\/uploads\/2020\/10\/cat3-ecrire.jpg",50,28,false],"featured-content-admin-thumb":["https:\/\/julietual.fr\/wp-content\/uploads\/2020\/10\/cat3-ecrire.jpg",50,28,false],"service-admin-thumb":["https:\/\/julietual.fr\/wp-content\/uploads\/2020\/10\/cat3-ecrire.jpg",50,28,false]},"post_excerpt_stackable":"<p>\u00c9crire Papeterie Les FleursLes EstivalesC\u0153ur de linLes CoquelicotsLes LotusLes OrientalesCartes de v\u0153ux &#038; de No\u00ebl<\/p>\n","category_list":"","author_info":{"name":"Julie Tual","url":"https:\/\/julietual.fr\/?author=1"},"comments_num":"0 comments","featured_image_src":"https:\/\/julietual.fr\/wp-content\/uploads\/2020\/10\/cat3-ecrire-600x400.jpg","featured_image_src_square":"https:\/\/julietual.fr\/wp-content\/uploads\/2020\/10\/cat3-ecrire-600x600.jpg","uagb_featured_image_src":{"full":["https:\/\/julietual.fr\/wp-content\/uploads\/2020\/10\/cat3-ecrire.jpg",1920,1080,false],"thumbnail":["https:\/\/julietual.fr\/wp-content\/uploads\/2020\/10\/cat3-ecrire-150x150.jpg",150,150,true],"medium":["https:\/\/julietual.fr\/wp-content\/uploads\/2020\/10\/cat3-ecrire-300x169.jpg",300,169,true],"medium_large":["https:\/\/julietual.fr\/wp-content\/uploads\/2020\/10\/cat3-ecrire-768x432.jpg",768,432,true],"large":["https:\/\/julietual.fr\/wp-content\/uploads\/2020\/10\/cat3-ecrire-1024x576.jpg",990,557,true],"1536x1536":["https:\/\/julietual.fr\/wp-content\/uploads\/2020\/10\/cat3-ecrire-1536x864.jpg",1536,864,true],"2048x2048":["https:\/\/julietual.fr\/wp-content\/uploads\/2020\/10\/cat3-ecrire.jpg",1920,1080,false],"ab-block-post-grid-landscape":["https:\/\/julietual.fr\/wp-content\/uploads\/2020\/10\/cat3-ecrire-600x400.jpg",600,400,true],"ab-block-post-grid-square":["https:\/\/julietual.fr\/wp-content\/uploads\/2020\/10\/cat3-ecrire-600x600.jpg",600,600,true],"ect-jetpack-portfolio-featured":["https:\/\/julietual.fr\/wp-content\/uploads\/2020\/10\/cat3-ecrire.jpg",640,360,false],"ect-featured-content":["https:\/\/julietual.fr\/wp-content\/uploads\/2020\/10\/cat3-ecrire.jpg",640,360,false],"ect-service":["https:\/\/julietual.fr\/wp-content\/uploads\/2020\/10\/cat3-ecrire.jpg",640,360,false],"ultp_layout_landscape_large":["https:\/\/julietual.fr\/wp-content\/uploads\/2020\/10\/cat3-ecrire-1200x800.jpg",1200,800,true],"ultp_layout_landscape":["https:\/\/julietual.fr\/wp-content\/uploads\/2020\/10\/cat3-ecrire-870x570.jpg",870,570,true],"ultp_layout_portrait":["https:\/\/julietual.fr\/wp-content\/uploads\/2020\/10\/cat3-ecrire-600x900.jpg",600,900,true],"ultp_layout_square":["https:\/\/julietual.fr\/wp-content\/uploads\/2020\/10\/cat3-ecrire-600x600.jpg",600,600,true],"post-thumbnail":["https:\/\/julietual.fr\/wp-content\/uploads\/2020\/10\/cat3-ecrire-640x640.jpg",640,640,true],"my-music-band-archive-top":["https:\/\/julietual.fr\/wp-content\/uploads\/2020\/10\/cat3-ecrire-990x556.jpg",990,556,true],"my-music-band-hero":["https:\/\/julietual.fr\/wp-content\/uploads\/2020\/10\/cat3-ecrire-960x720.jpg",960,720,true],"my-music-band-featured":["https:\/\/julietual.fr\/wp-content\/uploads\/2020\/10\/cat3-ecrire-640x480.jpg",640,480,true],"my-music-band-slider":["https:\/\/julietual.fr\/wp-content\/uploads\/2020\/10\/cat3-ecrire-1920x1080.jpg",1920,1080,true],"my-music-band-testimonial":["https:\/\/julietual.fr\/wp-content\/uploads\/2020\/10\/cat3-ecrire-180x180.jpg",180,180,true],"jetpack-portfolio-admin-thumb":["https:\/\/julietual.fr\/wp-content\/uploads\/2020\/10\/cat3-ecrire.jpg",50,28,false],"featured-content-admin-thumb":["https:\/\/julietual.fr\/wp-content\/uploads\/2020\/10\/cat3-ecrire.jpg",50,28,false],"service-admin-thumb":["https:\/\/julietual.fr\/wp-content\/uploads\/2020\/10\/cat3-ecrire.jpg",50,28,false]},"uagb_author_info":{"display_name":"Julie Tual","author_link":"https:\/\/julietual.fr\/?author=1"},"uagb_comment_info":0,"uagb_excerpt":"\u00c9crire Papeterie","_links":{"self":[{"href":"https:\/\/julietual.fr\/index.php?rest_route=\/wp\/v2\/pages\/144"}],"collection":[{"href":"https:\/\/julietual.fr\/index.php?rest_route=\/wp\/v2\/pages"}],"about":[{"href":"https:\/\/julietual.fr\/index.php?rest_route=\/wp\/v2\/types\/page"}],"author":[{"embeddable":true,"href":"https:\/\/julietual.fr\/index.php?rest_route=\/wp\/v2\/users\/1"}],"replies":[{"embeddable":true,"href":"https:\/\/julietual.fr\/index.php?rest_route=%2Fwp%2Fv2%2Fcomments&post=144"}],"version-history":[{"count":24,"href":"https:\/\/julietual.fr\/index.php?rest_route=\/wp\/v2\/pages\/144\/revisions"}],"predecessor-version":[{"id":648,"href":"https:\/\/julietual.fr\/index.php?rest_route=\/wp\/v2\/pages\/144\/revisions\/648"}],"wp:featuredmedia":[{"embeddable":true,"href":"https:\/\/julietual.fr\/index.php?rest_route=\/wp\/v2\/media\/81"}],"wp:attachment":[{"href":"https:\/\/julietual.fr\/index.php?rest_route=%2Fwp%2Fv2%2Fmedia&parent=144"}],"curies":[{"name":"wp","href":"https:\/\/api.w.org\/{rel}","templated":true}]}}