{"id":20,"date":"2020-09-18T10:59:02","date_gmt":"2020-09-18T08:59:02","guid":{"rendered":"http:\/\/julietual.fr\/?page_id=20"},"modified":"2020-11-26T02:11:35","modified_gmt":"2020-11-26T01:11:35","slug":"a-propos","status":"publish","type":"page","link":"https:\/\/julietual.fr\/?page_id=20","title":{"rendered":"\u00c0 propos"},"content":{"rendered":"\n<h3 class=\"has-text-align-center\">\u00c0 propos<\/h3>\n\n\n\n<p>N\u00e9e \u00e0 c\u00f4t\u00e9 de Toulon, j\u2019ai grandi dans une Provence tourn\u00e9e vers la mer. Je vis et travaille actuellement \u00e0 Nantes.<br>J\u2019ai suivi des \u00e9tudes d\u2019Histoire de l\u2019art et j\u2019ai longtemps \u00e9t\u00e9 libraire. Aujourd\u2019hui je travaille le textile pour cr\u00e9er des pi\u00e8ces ornementales, et pour vous proposer des objets de d\u00e9coration et de la papeterie brod\u00e9s.<\/p>\n\n\n\n<p>Parmi les diff\u00e9rentes techniques d\u2019art textile, la broderie m\u2019a r\u00e9v\u00e9l\u00e9 un outil de langage permettant la lenteur, exigeant la pr\u00e9cision, mais aussi une belle part d\u2019improvisation. Passionn\u00e9e depuis l\u2019enfance par la danse, je retrouve dans cette gestuelle l\u2019ondulation, l\u2019arabesque, la boucle et l\u2019\u00e9motion comme palimpseste.<\/p>\n\n\n\n<p><\/p>\n\n\n\n<p>Mes sources d\u2019inspirations sont partout, la lumi\u00e8re \u00e0 travers des volets, un reflet sur l\u2019eau, une musique&#8230; mais surtout dans les \u00e9l\u00e9ments de la nature.<\/p>\n\n\n\n<p>J\u2019utilise beaucoup le lin pour ses nombreuses qualit\u00e9s environnementales et esth\u00e9tiques, des textiles venus d\u2019ailleurs, rapport\u00e9s de voyages,  et des tissus de r\u00e9cup\u00e9ration, collect\u00e9s ici et l\u00e0 (linge de famille, dentelles anciennes, brocante, ressourcerie).<\/p>\n\n\n\n<p>Transformer un morceau de tissu, lui ajouter un message, lui donner une histoire&#8230; La broderie offre un autre rapport au temps.<\/p>\n\n\n\n<p>Une danse \u00e9crite, la trace d\u2019un geste. <\/p>\n","protected":false},"excerpt":{"rendered":"<p>\u00c0 propos N\u00e9e \u00e0 c\u00f4t\u00e9 de Toulon, j\u2019ai grandi dans une Provence tourn\u00e9e vers la mer. Je vis et travaille actuellement \u00e0 Nantes.J\u2019ai suivi des \u00e9tudes d\u2019Histoire de l\u2019art et<a href=\"https:\/\/julietual.fr\/?page_id=20\" class=\"more-link\"><span class=\"readmore\"><span class=\"screen-reader-text\">\u00c0 propos<\/span><\/span><\/a><\/p>\n","protected":false},"author":1,"featured_media":0,"parent":0,"menu_order":1,"comment_status":"closed","ping_status":"closed","template":"templates\/no-sidebar.php","meta":{"advgb_blocks_editor_width":"","advgb_blocks_columns_visual_guide":"","_coblocks_attr":"","_coblocks_dimensions":"","_coblocks_responsive_height":"","_coblocks_accordion_ie_support":"","ub_ctt_via":"","kt_blocks_editor_width":""},"featured_image_urls":{"full":"","thumbnail":"","medium":"","medium_large":"","large":"","1536x1536":"","2048x2048":"","ab-block-post-grid-landscape":"","ab-block-post-grid-square":"","ect-jetpack-portfolio-featured":"","ect-featured-content":"","ect-service":"","ultp_layout_landscape_large":"","ultp_layout_landscape":"","ultp_layout_portrait":"","ultp_layout_square":"","post-thumbnail":"","my-music-band-archive-top":"","my-music-band-hero":"","my-music-band-featured":"","my-music-band-slider":"","my-music-band-testimonial":"","jetpack-portfolio-admin-thumb":"","featured-content-admin-thumb":"","service-admin-thumb":""},"post_excerpt_stackable":"<p>\u00c0 propos N\u00e9e \u00e0 c\u00f4t\u00e9 de Toulon, j\u2019ai grandi dans une Provence tourn\u00e9e vers la mer. Je vis et travaille actuellement \u00e0 Nantes.J\u2019ai suivi des \u00e9tudes d\u2019Histoire de l\u2019art et j\u2019ai longtemps \u00e9t\u00e9 libraire. Aujourd\u2019hui je travaille le textile pour cr\u00e9er des pi\u00e8ces ornementales, et pour vous proposer des objets de d\u00e9coration et de la papeterie brod\u00e9s. Parmi les diff\u00e9rentes techniques d\u2019art textile, la broderie m\u2019a r\u00e9v\u00e9l\u00e9 un outil de langage permettant la lenteur, exigeant la pr\u00e9cision, mais aussi une belle part d\u2019improvisation. Passionn\u00e9e depuis l\u2019enfance par la danse, je retrouve dans cette gestuelle l\u2019ondulation, l\u2019arabesque, la boucle et l\u2019\u00e9motion&hellip;<\/p>\n","category_list":"","author_info":{"name":"Julie Tual","url":"https:\/\/julietual.fr\/?author=1"},"comments_num":"0 comments","featured_image_src":null,"featured_image_src_square":null,"uagb_featured_image_src":{"full":false,"thumbnail":false,"medium":false,"medium_large":false,"large":false,"1536x1536":false,"2048x2048":false,"ab-block-post-grid-landscape":false,"ab-block-post-grid-square":false,"ect-jetpack-portfolio-featured":false,"ect-featured-content":false,"ect-service":false,"ultp_layout_landscape_large":false,"ultp_layout_landscape":false,"ultp_layout_portrait":false,"ultp_layout_square":false,"post-thumbnail":false,"my-music-band-archive-top":false,"my-music-band-hero":false,"my-music-band-featured":false,"my-music-band-slider":false,"my-music-band-testimonial":false,"jetpack-portfolio-admin-thumb":false,"featured-content-admin-thumb":false,"service-admin-thumb":false},"uagb_author_info":{"display_name":"Julie Tual","author_link":"https:\/\/julietual.fr\/?author=1"},"uagb_comment_info":0,"uagb_excerpt":"\u00c0 propos N\u00e9e \u00e0 c\u00f4t\u00e9 de Toulon, j\u2019ai grandi dans une Provence tourn\u00e9e vers la mer. Je vis et travaille actuellement \u00e0 Nantes.J\u2019ai suivi des \u00e9tudes d\u2019Histoire de l\u2019art et\u00c0 propos","_links":{"self":[{"href":"https:\/\/julietual.fr\/index.php?rest_route=\/wp\/v2\/pages\/20"}],"collection":[{"href":"https:\/\/julietual.fr\/index.php?rest_route=\/wp\/v2\/pages"}],"about":[{"href":"https:\/\/julietual.fr\/index.php?rest_route=\/wp\/v2\/types\/page"}],"author":[{"embeddable":true,"href":"https:\/\/julietual.fr\/index.php?rest_route=\/wp\/v2\/users\/1"}],"replies":[{"embeddable":true,"href":"https:\/\/julietual.fr\/index.php?rest_route=%2Fwp%2Fv2%2Fcomments&post=20"}],"version-history":[{"count":6,"href":"https:\/\/julietual.fr\/index.php?rest_route=\/wp\/v2\/pages\/20\/revisions"}],"predecessor-version":[{"id":637,"href":"https:\/\/julietual.fr\/index.php?rest_route=\/wp\/v2\/pages\/20\/revisions\/637"}],"wp:attachment":[{"href":"https:\/\/julietual.fr\/index.php?rest_route=%2Fwp%2Fv2%2Fmedia&parent=20"}],"curies":[{"name":"wp","href":"https:\/\/api.w.org\/{rel}","templated":true}]}}