{"id":55,"date":"2020-10-13T10:32:57","date_gmt":"2020-10-13T08:32:57","guid":{"rendered":"http:\/\/julietual.fr\/?page_id=55"},"modified":"2022-12-08T22:22:47","modified_gmt":"2022-12-08T21:22:47","slug":"contact","status":"publish","type":"page","link":"https:\/\/julietual.fr\/?page_id=55","title":{"rendered":"Contact\/Commande"},"content":{"rendered":"\n<h3 class=\"has-text-align-center\">Contact &amp; Commande<\/h3>\n\n\n\n<p class=\"has-text-align-center\">Si une pi\u00e8ce vous int\u00e9resse, envoyez-moi un message.<br>Paiement s\u00e9curis\u00e9.<br>Pour tout projet sur mesure ou demande de devis, n\u2019h\u00e9sitez pas \u00e0 me contacter,<br>j&#8217;\u00e9tudierai avec plaisir votre demande.<br>C\u2019est par ici :<\/p>\n\n\n\n<div class=\"wp-block-contact-form-7-contact-form-selector\"><div role=\"form\" class=\"wpcf7\" id=\"wpcf7-f31-o1\" lang=\"fr-FR\" dir=\"ltr\">\n<div class=\"screen-reader-response\"><p role=\"status\" aria-live=\"polite\" aria-atomic=\"true\"><\/p> <ul><\/ul><\/div>\n<form action=\"\/index.php?rest_route=%2Fwp%2Fv2%2Fpages%2F55#wpcf7-f31-o1\" method=\"post\" class=\"wpcf7-form init\" novalidate=\"novalidate\" data-status=\"init\">\n<div style=\"display: none;\">\n<input type=\"hidden\" name=\"_wpcf7\" value=\"31\" \/>\n<input type=\"hidden\" name=\"_wpcf7_version\" value=\"5.3\" \/>\n<input type=\"hidden\" name=\"_wpcf7_locale\" value=\"fr_FR\" \/>\n<input type=\"hidden\" name=\"_wpcf7_unit_tag\" value=\"wpcf7-f31-o1\" \/>\n<input type=\"hidden\" name=\"_wpcf7_container_post\" value=\"0\" \/>\n<input type=\"hidden\" name=\"_wpcf7_posted_data_hash\" value=\"\" \/>\n<input type=\"hidden\" name=\"_wpcf7_recaptcha_response\" value=\"\" \/>\n<\/div>\n<ul>\n<li><label> Votre nom (obligatoire)<\/label><br \/>\n    <span class=\"wpcf7-form-control-wrap your-name\"><input type=\"text\" name=\"your-name\" value=\"\" size=\"40\" class=\"wpcf7-form-control wpcf7-text wpcf7-validates-as-required\" aria-required=\"true\" aria-invalid=\"false\" \/><\/span> <\/li>\n<li><label> Votre adresse de messagerie (obligatoire)<\/label><br \/>\n    <span class=\"wpcf7-form-control-wrap your-email\"><input type=\"email\" name=\"your-email\" value=\"\" size=\"40\" class=\"wpcf7-form-control wpcf7-text wpcf7-email wpcf7-validates-as-required wpcf7-validates-as-email\" aria-required=\"true\" aria-invalid=\"false\" \/><\/span> <\/li>\n<li><label> Votre message<\/label><br \/>\n    <span class=\"wpcf7-form-control-wrap your-message\"><textarea name=\"your-message\" cols=\"40\" rows=\"10\" class=\"wpcf7-form-control wpcf7-textarea\" aria-invalid=\"false\"><\/textarea><\/span> <\/li>\n<\/ul>\n<div class=\"wpcf7-form-control-wrap\"><div data-sitekey=\"6Lc6xeMZAAAAAHw35Z7D_dk_hOgSAfL9_xRg1IIj\" class=\"wpcf7-form-control g-recaptcha wpcf7-recaptcha\"><\/div>\r\n<noscript>\r\n\t<div class=\"grecaptcha-noscript\">\r\n\t\t<iframe src=\"https:\/\/www.google.com\/recaptcha\/api\/fallback?k=6Lc6xeMZAAAAAHw35Z7D_dk_hOgSAfL9_xRg1IIj\" frameborder=\"0\" scrolling=\"no\" width=\"310\" height=\"430\">\r\n\t\t<\/iframe>\r\n\t\t<textarea name=\"g-recaptcha-response\" rows=\"3\" cols=\"40\" placeholder=\"reCaptcha Response Here\">\r\n\t\t<\/textarea>\r\n\t<\/div>\r\n<\/noscript>\r\n<\/div>\n<p><input type=\"submit\" value=\"Envoyer\" class=\"wpcf7-form-control wpcf7-submit\" \/><\/p>\n<div class=\"wpcf7-response-output\" aria-hidden=\"true\"><\/div><\/form><\/div><\/div>\n\n\n\n<h3 class=\"has-text-align-center\">Points de vente<\/h3>\n\n\n\n<p><\/p>\n\n\n\n<p class=\"has-text-align-left\"><strong>PAPETERIE \/ BRODERIES \/ LUMINAIRES :<\/strong><\/p>\n\n\n\n<p><a href=\"https:\/\/goo.gl\/maps\/f6UsvvUwyMZxdgx47\"><span style=\"color: #c0b283;\" class=\"ugb-highlight\">Les Bibiches, 4 rue Par\u00e9, 44000 Nantes<\/span><\/a><\/p>\n\n\n\n<p class=\"has-text-align-left\"><a rel=\"noreferrer noopener\" href=\"https:\/\/goo.gl\/maps\/FsRu8QgZ6Kwf2Fo59\" target=\"_blank\"><span style=\"color: #c0b283;\" class=\"ugb-highlight\">Boutique Trib\u00fc, 4 rue de l\u2019H\u00f4tel de Ville, 44000 Nantes<\/span><\/a><\/p>\n\n\n\n<p><\/p>\n\n\n\n<p class=\"has-text-align-left\"><strong>PAPETERIE :<\/strong><\/p>\n\n\n\n<p class=\"has-text-align-left\"><a rel=\"noreferrer noopener\" href=\"https:\/\/goo.gl\/maps\/5ewWpWbxmwMmzSLq7\" target=\"_blank\"><span style=\"color: #c0b283;\" class=\"ugb-highlight\">Les P\u2019tits Papiers, 2 place F\u00e9lix Fournier, 44000 Nantes<\/span><\/a><\/p>\n\n\n\n<p><a rel=\"noreferrer noopener\" href=\"https:\/\/g.page\/labouquinerienantaise?share\" target=\"_blank\"><span style=\"color: #c0b283;\" class=\"ugb-highlight\">La Bouquinerie Nantaise, 7 all\u00e9e du Port Maillard, 44000 Nantes<\/span><\/a><\/p>\n","protected":false},"excerpt":{"rendered":"<p>Contact &amp; Commande Si une pi\u00e8ce vous int\u00e9resse, envoyez-moi un message.Paiement s\u00e9curis\u00e9.Pour tout projet sur mesure ou demande de devis, n\u2019h\u00e9sitez pas \u00e0 me contacter,j&#8217;\u00e9tudierai avec plaisir votre demande.C\u2019est par<a href=\"https:\/\/julietual.fr\/?page_id=55\" class=\"more-link\"><span class=\"readmore\"><span class=\"screen-reader-text\">Contact\/Commande<\/span><\/span><\/a><\/p>\n","protected":false},"author":1,"featured_media":0,"parent":0,"menu_order":6,"comment_status":"closed","ping_status":"closed","template":"","meta":{"advgb_blocks_editor_width":"","advgb_blocks_columns_visual_guide":"","_coblocks_attr":"","_coblocks_dimensions":"","_coblocks_responsive_height":"","_coblocks_accordion_ie_support":"","ub_ctt_via":"","kt_blocks_editor_width":""},"featured_image_urls":{"full":"","thumbnail":"","medium":"","medium_large":"","large":"","1536x1536":"","2048x2048":"","ab-block-post-grid-landscape":"","ab-block-post-grid-square":"","ect-jetpack-portfolio-featured":"","ect-featured-content":"","ect-service":"","ultp_layout_landscape_large":"","ultp_layout_landscape":"","ultp_layout_portrait":"","ultp_layout_square":"","post-thumbnail":"","my-music-band-archive-top":"","my-music-band-hero":"","my-music-band-featured":"","my-music-band-slider":"","my-music-band-testimonial":"","jetpack-portfolio-admin-thumb":"","featured-content-admin-thumb":"","service-admin-thumb":""},"post_excerpt_stackable":"<p>Contact &amp; Commande Si une pi\u00e8ce vous int\u00e9resse, envoyez-moi un message.Paiement s\u00e9curis\u00e9.Pour tout projet sur mesure ou demande de devis, n\u2019h\u00e9sitez pas \u00e0 me contacter,j&#8217;\u00e9tudierai avec plaisir votre demande.C\u2019est par ici : Votre nom (obligatoire) Votre adresse de messagerie (obligatoire) Votre message Points de vente PAPETERIE \/ BRODERIES \/ LUMINAIRES : Les Bibiches, 4 rue Par\u00e9, 44000 Nantes Boutique Trib\u00fc, 4 rue de l\u2019H\u00f4tel de Ville, 44000 Nantes PAPETERIE : Les P\u2019tits Papiers, 2 place F\u00e9lix Fournier, 44000 Nantes La Bouquinerie Nantaise, 7 all\u00e9e du Port Maillard, 44000 Nantes<\/p>\n","category_list":"","author_info":{"name":"Julie Tual","url":"https:\/\/julietual.fr\/?author=1"},"comments_num":"0 comments","featured_image_src":null,"featured_image_src_square":null,"uagb_featured_image_src":{"full":false,"thumbnail":false,"medium":false,"medium_large":false,"large":false,"1536x1536":false,"2048x2048":false,"ab-block-post-grid-landscape":false,"ab-block-post-grid-square":false,"ect-jetpack-portfolio-featured":false,"ect-featured-content":false,"ect-service":false,"ultp_layout_landscape_large":false,"ultp_layout_landscape":false,"ultp_layout_portrait":false,"ultp_layout_square":false,"post-thumbnail":false,"my-music-band-archive-top":false,"my-music-band-hero":false,"my-music-band-featured":false,"my-music-band-slider":false,"my-music-band-testimonial":false,"jetpack-portfolio-admin-thumb":false,"featured-content-admin-thumb":false,"service-admin-thumb":false},"uagb_author_info":{"display_name":"Julie Tual","author_link":"https:\/\/julietual.fr\/?author=1"},"uagb_comment_info":0,"uagb_excerpt":"Contact &amp; Commande Si une pi\u00e8ce vous int\u00e9resse, envoyez-moi un message.Paiement s\u00e9curis\u00e9.Pour tout projet sur mesure ou demande de devis, n\u2019h\u00e9sitez pas \u00e0 me contacter,j&#8217;\u00e9tudierai avec plaisir votre demande.C\u2019est parContact\/Commande","_links":{"self":[{"href":"https:\/\/julietual.fr\/index.php?rest_route=\/wp\/v2\/pages\/55"}],"collection":[{"href":"https:\/\/julietual.fr\/index.php?rest_route=\/wp\/v2\/pages"}],"about":[{"href":"https:\/\/julietual.fr\/index.php?rest_route=\/wp\/v2\/types\/page"}],"author":[{"embeddable":true,"href":"https:\/\/julietual.fr\/index.php?rest_route=\/wp\/v2\/users\/1"}],"replies":[{"embeddable":true,"href":"https:\/\/julietual.fr\/index.php?rest_route=%2Fwp%2Fv2%2Fcomments&post=55"}],"version-history":[{"count":23,"href":"https:\/\/julietual.fr\/index.php?rest_route=\/wp\/v2\/pages\/55\/revisions"}],"predecessor-version":[{"id":744,"href":"https:\/\/julietual.fr\/index.php?rest_route=\/wp\/v2\/pages\/55\/revisions\/744"}],"wp:attachment":[{"href":"https:\/\/julietual.fr\/index.php?rest_route=%2Fwp%2Fv2%2Fmedia&parent=55"}],"curies":[{"name":"wp","href":"https:\/\/api.w.org\/{rel}","templated":true}]}}