{"id":73,"date":"2020-11-18T14:36:03","date_gmt":"2020-11-18T13:36:03","guid":{"rendered":"http:\/\/julietual.fr\/?page_id=73"},"modified":"2020-11-23T16:26:52","modified_gmt":"2020-11-23T15:26:52","slug":"accueil","status":"publish","type":"page","link":"https:\/\/julietual.fr\/","title":{"rendered":"Accueil"},"content":{"rendered":"\n<div class=\"wp-block-group alignfull\"><div class=\"wp-block-group__inner-container\"><\/div><\/div>\n\n\n\n<div class=\"wp-block-ugb-columns ugb-columns ugb-e4fd585 ugb-columns--design-grid ugb-columns--columns-4 ugb-main-block\"><div class=\"ugb-inner-block\"><div class=\"ugb-block-content\"><div class=\"ugb-columns__item ugb-e4fd585-content-wrapper\">\n<div class=\"wp-block-ugb-column ugb-column ugb-81f87f6 ugb-column--design-plain ugb-main-block\"><div class=\"ugb-inner-block\"><div class=\"ugb-block-content\"><div class=\"ugb-column__item ugb-81f87f6-column-wrapper\"><div class=\"ugb-column__content-wrapper\">\n<div class=\"wp-block-image has-lightbox\"><figure class=\"aligncenter size-large is-resized\"><a href=\"http:\/\/julietual.fr\/?page_id=108\"><img loading=\"lazy\" src=\"http:\/\/julietual.fr\/wp-content\/uploads\/2020\/10\/cat1-voyager-1024x576.jpg\" alt=\"\" class=\"wp-image-79\" width=\"512\" height=\"288\" srcset=\"https:\/\/julietual.fr\/wp-content\/uploads\/2020\/10\/cat1-voyager-1024x576.jpg 1024w, https:\/\/julietual.fr\/wp-content\/uploads\/2020\/10\/cat1-voyager-300x169.jpg 300w, https:\/\/julietual.fr\/wp-content\/uploads\/2020\/10\/cat1-voyager-768x432.jpg 768w, https:\/\/julietual.fr\/wp-content\/uploads\/2020\/10\/cat1-voyager-1536x864.jpg 1536w, https:\/\/julietual.fr\/wp-content\/uploads\/2020\/10\/cat1-voyager-990x556.jpg 990w, https:\/\/julietual.fr\/wp-content\/uploads\/2020\/10\/cat1-voyager.jpg 1920w\" sizes=\"(max-width: 512px) 100vw, 512px\" \/><\/a><figcaption>VOYAGER<br>art et exploration textile<\/figcaption><\/figure><\/div>\n\n\n\n<p><\/p>\n<\/div><\/div><\/div><\/div><\/div>\n\n\n\n<div class=\"wp-block-ugb-column ugb-column ugb-f6d0441 ugb-column--design-plain ugb-main-block\"><div class=\"ugb-inner-block\"><div class=\"ugb-block-content\"><div class=\"ugb-column__item ugb-f6d0441-column-wrapper\"><div class=\"ugb-column__content-wrapper\">\n<div class=\"wp-block-image\"><figure class=\"aligncenter size-large is-resized\"><a href=\"http:\/\/julietual.fr\/?page_id=142\"><img loading=\"lazy\" src=\"http:\/\/julietual.fr\/wp-content\/uploads\/2020\/10\/cat4-partager-1024x576.jpg\" alt=\"\" class=\"wp-image-82\" width=\"512\" height=\"288\" srcset=\"https:\/\/julietual.fr\/wp-content\/uploads\/2020\/10\/cat4-partager-1024x576.jpg 1024w, https:\/\/julietual.fr\/wp-content\/uploads\/2020\/10\/cat4-partager-300x169.jpg 300w, https:\/\/julietual.fr\/wp-content\/uploads\/2020\/10\/cat4-partager-768x432.jpg 768w, https:\/\/julietual.fr\/wp-content\/uploads\/2020\/10\/cat4-partager-1536x864.jpg 1536w, https:\/\/julietual.fr\/wp-content\/uploads\/2020\/10\/cat4-partager-990x556.jpg 990w, https:\/\/julietual.fr\/wp-content\/uploads\/2020\/10\/cat4-partager.jpg 1920w\" sizes=\"(max-width: 512px) 100vw, 512px\" \/><\/a><figcaption>PARTAGER<br>collaborations artistiques<\/figcaption><\/figure><\/div>\n\n\n\n<p><\/p>\n<\/div><\/div><\/div><\/div><\/div>\n\n\n\n<div class=\"wp-block-ugb-column ugb-column ugb-43822b2 ugb-column--design-plain ugb-main-block\"><div class=\"ugb-inner-block\"><div class=\"ugb-block-content\"><div class=\"ugb-column__item ugb-43822b2-column-wrapper\"><div class=\"ugb-column__content-wrapper\">\n<div class=\"wp-block-image\"><figure class=\"aligncenter size-large is-resized\"><a href=\"http:\/\/julietual.fr\/?page_id=144\"><img loading=\"lazy\" src=\"http:\/\/julietual.fr\/wp-content\/uploads\/2020\/10\/cat3-ecrire-1024x576.jpg\" alt=\"\" class=\"wp-image-81\" width=\"512\" height=\"288\" srcset=\"https:\/\/julietual.fr\/wp-content\/uploads\/2020\/10\/cat3-ecrire-1024x576.jpg 1024w, https:\/\/julietual.fr\/wp-content\/uploads\/2020\/10\/cat3-ecrire-300x169.jpg 300w, https:\/\/julietual.fr\/wp-content\/uploads\/2020\/10\/cat3-ecrire-768x432.jpg 768w, https:\/\/julietual.fr\/wp-content\/uploads\/2020\/10\/cat3-ecrire-1536x864.jpg 1536w, https:\/\/julietual.fr\/wp-content\/uploads\/2020\/10\/cat3-ecrire-990x556.jpg 990w, https:\/\/julietual.fr\/wp-content\/uploads\/2020\/10\/cat3-ecrire.jpg 1920w\" sizes=\"(max-width: 512px) 100vw, 512px\" \/><\/a><figcaption>\u00c9CRIRE<br>papeterie<\/figcaption><\/figure><\/div>\n<\/div><\/div><\/div><\/div><\/div>\n\n\n\n<div class=\"wp-block-ugb-column ugb-column ugb-79dd826 ugb-column--design-plain ugb-main-block\"><div class=\"ugb-inner-block\"><div class=\"ugb-block-content\"><div class=\"ugb-column__item ugb-79dd826-column-wrapper\"><div class=\"ugb-column__content-wrapper\">\n<div class=\"wp-block-image\"><figure class=\"aligncenter size-large is-resized\"><a href=\"http:\/\/julietual.fr\/?page_id=146\"><img loading=\"lazy\" src=\"http:\/\/julietual.fr\/wp-content\/uploads\/2020\/10\/cat6-decorer-1024x576.jpg\" alt=\"\" class=\"wp-image-84\" width=\"512\" height=\"288\" srcset=\"https:\/\/julietual.fr\/wp-content\/uploads\/2020\/10\/cat6-decorer-1024x576.jpg 1024w, https:\/\/julietual.fr\/wp-content\/uploads\/2020\/10\/cat6-decorer-300x169.jpg 300w, https:\/\/julietual.fr\/wp-content\/uploads\/2020\/10\/cat6-decorer-768x432.jpg 768w, https:\/\/julietual.fr\/wp-content\/uploads\/2020\/10\/cat6-decorer-1536x864.jpg 1536w, https:\/\/julietual.fr\/wp-content\/uploads\/2020\/10\/cat6-decorer-990x556.jpg 990w, https:\/\/julietual.fr\/wp-content\/uploads\/2020\/10\/cat6-decorer.jpg 1920w\" sizes=\"(max-width: 512px) 100vw, 512px\" \/><\/a><figcaption>D\u00c9CORER<br>accessoires d&#8217;int\u00e9rieur<\/figcaption><\/figure><\/div>\n<\/div><\/div><\/div><\/div><\/div>\n<\/div><\/div><\/div><\/div>\n\n\n\n<figure class=\"wp-block-embed-vimeo aligncenter wp-block-embed is-type-video is-provider-vimeo\"><div class=\"wp-block-embed__wrapper\">\n<iframe title=\"Julie Tual_Cr&amp;eacute;ationTextile &amp;agrave; Nantes\" src=\"https:\/\/player.vimeo.com\/video\/466449771?dnt=1&amp;app_id=122963\" width=\"990\" height=\"557\" frameborder=\"0\" allow=\"autoplay; fullscreen\" allowfullscreen><\/iframe>\n<\/div><\/figure>\n\n\n\n<p class=\"has-text-align-center\">Site en cours de fabrication &#8230;<\/p>\n<style class=\"advgb-styles-renderer\">.ugb-e4fd585 > .ugb-inner-block > .ugb-block-content > .ugb-columns__item{grid-template-columns:2.00fr 2.00fr !important}.ugb-81f87f6 .ugb-inner-block{text-align:center}.ugb-f6d0441 .ugb-inner-block{text-align:center}.ugb-43822b2 .ugb-inner-block{text-align:center}.ugb-79dd826 .ugb-inner-block{text-align:center}<\/style>","protected":false},"excerpt":{"rendered":"<p>Site en cours de fabrication &#8230;<\/p>\n","protected":false},"author":1,"featured_media":0,"parent":0,"menu_order":0,"comment_status":"closed","ping_status":"closed","template":"","meta":{"advgb_blocks_editor_width":"","advgb_blocks_columns_visual_guide":"","_coblocks_attr":"","_coblocks_dimensions":"","_coblocks_responsive_height":"","_coblocks_accordion_ie_support":"","ub_ctt_via":"","kt_blocks_editor_width":""},"featured_image_urls":{"full":"","thumbnail":"","medium":"","medium_large":"","large":"","1536x1536":"","2048x2048":"","ab-block-post-grid-landscape":"","ab-block-post-grid-square":"","ect-jetpack-portfolio-featured":"","ect-featured-content":"","ect-service":"","ultp_layout_landscape_large":"","ultp_layout_landscape":"","ultp_layout_portrait":"","ultp_layout_square":"","post-thumbnail":"","my-music-band-archive-top":"","my-music-band-hero":"","my-music-band-featured":"","my-music-band-slider":"","my-music-band-testimonial":"","jetpack-portfolio-admin-thumb":"","featured-content-admin-thumb":"","service-admin-thumb":""},"post_excerpt_stackable":"<p>VOYAGERart et exploration textile PARTAGERcollaborations artistiques \u00c9CRIREpapeterie D\u00c9CORERaccessoires d&#8217;int\u00e9rieur Site en cours de fabrication &#8230;<\/p>\n","category_list":"","author_info":{"name":"Julie Tual","url":"https:\/\/julietual.fr\/?author=1"},"comments_num":"0 comments","featured_image_src":null,"featured_image_src_square":null,"uagb_featured_image_src":{"full":false,"thumbnail":false,"medium":false,"medium_large":false,"large":false,"1536x1536":false,"2048x2048":false,"ab-block-post-grid-landscape":false,"ab-block-post-grid-square":false,"ect-jetpack-portfolio-featured":false,"ect-featured-content":false,"ect-service":false,"ultp_layout_landscape_large":false,"ultp_layout_landscape":false,"ultp_layout_portrait":false,"ultp_layout_square":false,"post-thumbnail":false,"my-music-band-archive-top":false,"my-music-band-hero":false,"my-music-band-featured":false,"my-music-band-slider":false,"my-music-band-testimonial":false,"jetpack-portfolio-admin-thumb":false,"featured-content-admin-thumb":false,"service-admin-thumb":false},"uagb_author_info":{"display_name":"Julie Tual","author_link":"https:\/\/julietual.fr\/?author=1"},"uagb_comment_info":0,"uagb_excerpt":"Site en cours de fabrication &#8230;","_links":{"self":[{"href":"https:\/\/julietual.fr\/index.php?rest_route=\/wp\/v2\/pages\/73"}],"collection":[{"href":"https:\/\/julietual.fr\/index.php?rest_route=\/wp\/v2\/pages"}],"about":[{"href":"https:\/\/julietual.fr\/index.php?rest_route=\/wp\/v2\/types\/page"}],"author":[{"embeddable":true,"href":"https:\/\/julietual.fr\/index.php?rest_route=\/wp\/v2\/users\/1"}],"replies":[{"embeddable":true,"href":"https:\/\/julietual.fr\/index.php?rest_route=%2Fwp%2Fv2%2Fcomments&post=73"}],"version-history":[{"count":58,"href":"https:\/\/julietual.fr\/index.php?rest_route=\/wp\/v2\/pages\/73\/revisions"}],"predecessor-version":[{"id":570,"href":"https:\/\/julietual.fr\/index.php?rest_route=\/wp\/v2\/pages\/73\/revisions\/570"}],"wp:attachment":[{"href":"https:\/\/julietual.fr\/index.php?rest_route=%2Fwp%2Fv2%2Fmedia&parent=73"}],"curies":[{"name":"wp","href":"https:\/\/api.w.org\/{rel}","templated":true}]}}